{"id":1833,"date":"2025-09-10T16:50:11","date_gmt":"2025-09-10T14:50:11","guid":{"rendered":"https:\/\/sportforumhungary.hu\/?page_id=1833"},"modified":"2025-11-06T13:22:27","modified_gmt":"2025-11-06T12:22:27","slug":"szuloi-forum","status":"publish","type":"page","link":"https:\/\/sportforumhungary.hu\/en\/szuloi-forum\/","title":{"rendered":"Parents Forum"},"content":{"rendered":"<div data-elementor-type=\"wp-page\" data-elementor-id=\"1833\" class=\"elementor elementor-1833\" data-elementor-post-type=\"page\">\n\t\t\t\t<div class=\"elementor-element elementor-element-3051935 e-flex e-con-boxed e-con e-parent\" data-id=\"3051935\" data-element_type=\"container\">\n\t\t\t\t\t<div class=\"e-con-inner\">\n\t\t\t\t\t<\/div>\n\t\t\t\t<\/div>\n\t\t<div class=\"elementor-element elementor-element-ce88955 e-flex e-con-boxed e-con e-parent\" data-id=\"ce88955\" data-element_type=\"container\" data-settings=\"{&quot;background_background&quot;:&quot;classic&quot;}\">\n\t\t\t\t\t<div class=\"e-con-inner\">\n\t\t<div class=\"elementor-element elementor-element-609aea6 e-con-full e-flex e-con e-child\" data-id=\"609aea6\" data-element_type=\"container\">\n\t\t\t\t<div class=\"elementor-element elementor-element-f213ca2 elementor-widget elementor-widget-spacer\" data-id=\"f213ca2\" data-element_type=\"widget\" data-widget_type=\"spacer.default\">\n\t\t\t\t\t\t\t<div class=\"elementor-spacer\">\n\t\t\t<div class=\"elementor-spacer-inner\"><\/div>\n\t\t<\/div>\n\t\t\t\t\t\t<\/div>\n\t\t\t\t<div class=\"elementor-element elementor-element-5d55c85 elementor-widget elementor-widget-heading\" data-id=\"5d55c85\" data-element_type=\"widget\" data-widget_type=\"heading.default\">\n\t\t\t\t\t<h2 class=\"elementor-heading-title elementor-size-default\">Build your child's path to sporting success!<\/h2>\t\t\t\t<\/div>\n\t\t\t\t<div class=\"elementor-element elementor-element-b4c59d2 elementor-widget elementor-widget-text-editor\" data-id=\"b4c59d2\" data-element_type=\"widget\" data-widget_type=\"text-editor.default\">\n\t\t\t\t\t\t\t\t\t<p class=\"cvGsUA direction-ltr align-start para-style-body\"><span class=\"a_GcMg font-feature-liga-off font-feature-clig-off font-feature-calt-off text-decoration-none text-strikethrough-none\">2025. november 20.<\/span><\/p><p class=\"cvGsUA direction-ltr align-start para-style-body\"><span class=\"a_GcMg font-feature-liga-off font-feature-clig-off font-feature-calt-off text-decoration-none text-strikethrough-none\">Groupama Ar\u00e9na<\/span><\/p>\t\t\t\t\t\t\t\t<\/div>\n\t\t\t\t<div class=\"elementor-element elementor-element-7386f5f elementor-invisible elementor-widget elementor-widget-button\" data-id=\"7386f5f\" data-element_type=\"widget\" data-settings=\"{&quot;_animation&quot;:&quot;flash&quot;}\" data-widget_type=\"button.default\">\n\t\t\t\t\t\t\t\t\t\t<a class=\"elementor-button elementor-button-link elementor-size-sm\" href=\"https:\/\/cooltix.com\/widget\/event-products\/68623d1c10639964ccb9eff4\">\n\t\t\t\t\t\t<span class=\"elementor-button-content-wrapper\">\n\t\t\t\t\t\t\t\t\t<span class=\"elementor-button-text\">TICKETS<\/span>\n\t\t\t\t\t<\/span>\n\t\t\t\t\t<\/a>\n\t\t\t\t\t\t\t\t<\/div>\n\t\t\t\t<\/div>\n\t\t<div class=\"elementor-element elementor-element-a47d6ab e-con-full e-flex e-con e-child\" data-id=\"a47d6ab\" data-element_type=\"container\">\n\t\t\t\t<div class=\"elementor-element elementor-element-90e8e4b elementor-widget elementor-widget-image\" data-id=\"90e8e4b\" data-element_type=\"widget\" data-widget_type=\"image.default\">\n\t\t\t\t\t\t\t\t\t\t\t\t\t\t\t<img fetchpriority=\"high\" decoding=\"async\" width=\"800\" height=\"418\" src=\"https:\/\/sportforumhungary.hu\/wp-content\/uploads\/2025\/09\/Ne\u0301vtelen-terv-14-1-1024x535.png\" class=\"attachment-large size-large wp-image-1835\" alt=\"\" srcset=\"https:\/\/sportforumhungary.hu\/wp-content\/uploads\/2025\/09\/Ne\u0301vtelen-terv-14-1-1024x535.png 1024w, https:\/\/sportforumhungary.hu\/wp-content\/uploads\/2025\/09\/Ne\u0301vtelen-terv-14-1-300x157.png 300w, https:\/\/sportforumhungary.hu\/wp-content\/uploads\/2025\/09\/Ne\u0301vtelen-terv-14-1-768x401.png 768w, https:\/\/sportforumhungary.hu\/wp-content\/uploads\/2025\/09\/Ne\u0301vtelen-terv-14-1-18x9.png 18w, https:\/\/sportforumhungary.hu\/wp-content\/uploads\/2025\/09\/Ne\u0301vtelen-terv-14-1.png 1200w\" sizes=\"(max-width: 800px) 100vw, 800px\" \/>\t\t\t\t\t\t\t\t\t\t\t\t\t\t\t<\/div>\n\t\t\t\t<div class=\"elementor-element elementor-element-8f6bc5d elementor-widget elementor-widget-image\" data-id=\"8f6bc5d\" data-element_type=\"widget\" data-widget_type=\"image.default\">\n\t\t\t\t\t\t\t\t\t\t\t\t\t\t\t<img decoding=\"async\" width=\"800\" height=\"800\" src=\"https:\/\/sportforumhungary.hu\/wp-content\/uploads\/2025\/09\/SZU\u0308LO\u030bI-FO\u0301RUM-A-JO\u0308VO\u030b-BAJNOKAI-2-1024x1024.png\" class=\"attachment-large size-large wp-image-1933\" alt=\"\" srcset=\"https:\/\/sportforumhungary.hu\/wp-content\/uploads\/2025\/09\/SZU\u0308LO\u030bI-FO\u0301RUM-A-JO\u0308VO\u030b-BAJNOKAI-2-1024x1024.png 1024w, https:\/\/sportforumhungary.hu\/wp-content\/uploads\/2025\/09\/SZU\u0308LO\u030bI-FO\u0301RUM-A-JO\u0308VO\u030b-BAJNOKAI-2-300x300.png 300w, https:\/\/sportforumhungary.hu\/wp-content\/uploads\/2025\/09\/SZU\u0308LO\u030bI-FO\u0301RUM-A-JO\u0308VO\u030b-BAJNOKAI-2-150x150.png 150w, https:\/\/sportforumhungary.hu\/wp-content\/uploads\/2025\/09\/SZU\u0308LO\u030bI-FO\u0301RUM-A-JO\u0308VO\u030b-BAJNOKAI-2-768x768.png 768w, https:\/\/sportforumhungary.hu\/wp-content\/uploads\/2025\/09\/SZU\u0308LO\u030bI-FO\u0301RUM-A-JO\u0308VO\u030b-BAJNOKAI-2-12x12.png 12w, https:\/\/sportforumhungary.hu\/wp-content\/uploads\/2025\/09\/SZU\u0308LO\u030bI-FO\u0301RUM-A-JO\u0308VO\u030b-BAJNOKAI-2-700x700.png 700w, https:\/\/sportforumhungary.hu\/wp-content\/uploads\/2025\/09\/SZU\u0308LO\u030bI-FO\u0301RUM-A-JO\u0308VO\u030b-BAJNOKAI-2.png 1200w\" sizes=\"(max-width: 800px) 100vw, 800px\" \/>\t\t\t\t\t\t\t\t\t\t\t\t\t\t\t<\/div>\n\t\t\t\t<\/div>\n\t\t<div class=\"elementor-element elementor-element-13a3f69 e-con-full e-flex e-con e-child\" data-id=\"13a3f69\" data-element_type=\"container\">\n\t\t<div class=\"elementor-element elementor-element-810ae95 e-con-full e-flex e-con e-child\" data-id=\"810ae95\" data-element_type=\"container\">\n\t\t\t\t<div class=\"elementor-element elementor-element-73a9074 elementor-widget__width-initial elementor-widget elementor-widget-image\" data-id=\"73a9074\" data-element_type=\"widget\" data-widget_type=\"image.default\">\n\t\t\t\t\t\t\t\t\t\t\t\t\t\t\t\t<a href=\"https:\/\/sportforumhungary.hu\/en\/jegyek\/\">\n\t\t\t\t\t\t\t<img decoding=\"async\" width=\"768\" height=\"1086\" src=\"https:\/\/sportforumhungary.hu\/wp-content\/uploads\/2025\/11\/SFH25_SZF_onepager.pdf-2-768x1086.jpg\" class=\"attachment-medium_large size-medium_large wp-image-3159\" alt=\"\" srcset=\"https:\/\/sportforumhungary.hu\/wp-content\/uploads\/2025\/11\/SFH25_SZF_onepager.pdf-2-768x1086.jpg 768w, https:\/\/sportforumhungary.hu\/wp-content\/uploads\/2025\/11\/SFH25_SZF_onepager.pdf-2-212x300.jpg 212w, https:\/\/sportforumhungary.hu\/wp-content\/uploads\/2025\/11\/SFH25_SZF_onepager.pdf-2-724x1024.jpg 724w, https:\/\/sportforumhungary.hu\/wp-content\/uploads\/2025\/11\/SFH25_SZF_onepager.pdf-2-1086x1536.jpg 1086w, https:\/\/sportforumhungary.hu\/wp-content\/uploads\/2025\/11\/SFH25_SZF_onepager.pdf-2-8x12.jpg 8w, https:\/\/sportforumhungary.hu\/wp-content\/uploads\/2025\/11\/SFH25_SZF_onepager.pdf-2.jpg 1414w\" sizes=\"(max-width: 768px) 100vw, 768px\" \/>\t\t\t\t\t\t\t\t<\/a>\n\t\t\t\t\t\t\t\t\t\t\t\t\t\t\t<\/div>\n\t\t\t\t<\/div>\n\t\t\t\t<div class=\"elementor-element elementor-element-9a130ef elementor-widget-divider--view-line elementor-widget elementor-widget-divider\" data-id=\"9a130ef\" data-element_type=\"widget\" data-widget_type=\"divider.default\">\n\t\t\t\t\t\t\t<div class=\"elementor-divider\">\n\t\t\t<span class=\"elementor-divider-separator\">\n\t\t\t\t\t\t<\/span>\n\t\t<\/div>\n\t\t\t\t\t\t<\/div>\n\t\t\t\t<div class=\"elementor-element elementor-element-ac0c056 elementor-widget elementor-widget-heading\" data-id=\"ac0c056\" data-element_type=\"widget\" data-widget_type=\"heading.default\">\n\t\t\t\t\t<h2 class=\"elementor-heading-title elementor-size-default\">Els\u0151 Sz\u00fcl\u0151i F\u00f3rum - Football Forum Hungary 2025 keretein bel\u00fcl<\/h2>\t\t\t\t<\/div>\n\t\t<div class=\"elementor-element elementor-element-fef1e76 e-con-full e-flex e-con e-child\" data-id=\"fef1e76\" data-element_type=\"container\">\n\t\t\t\t<div class=\"elementor-element elementor-element-84be7e9 elementor-widget elementor-widget-video\" data-id=\"84be7e9\" data-element_type=\"widget\" data-settings=\"{&quot;youtube_url&quot;:&quot;https:\\\/\\\/youtu.be\\\/3Jw0p_SnKxI&quot;,&quot;video_type&quot;:&quot;youtube&quot;,&quot;controls&quot;:&quot;yes&quot;}\" data-widget_type=\"video.default\">\n\t\t\t\t\t\t\t<div class=\"elementor-wrapper elementor-open-inline\">\n\t\t\t<div class=\"elementor-video\"><\/div>\t\t<\/div>\n\t\t\t\t\t\t<\/div>\n\t\t\t\t<\/div>\n\t\t\t\t<\/div>\n\t\t\t\t\t<\/div>\n\t\t\t\t<\/div>\n\t\t\t\t<\/div>","protected":false},"excerpt":{"rendered":"<p>\u00c9p\u00edtse gyermeke \u00fatj\u00e1t a sportsikerhez! 2025. november 20. Groupama Ar\u00e9na JEGYV\u00c1S\u00c1RL\u00c1S Els\u0151 Sz\u00fcl\u0151i F\u00f3rum &#8211; Football Forum Hungary 2025 keretein bel\u00fcl https:\/\/youtu.be\/3Jw0p_SnKxI<\/p>","protected":false},"author":3,"featured_media":0,"parent":0,"menu_order":0,"comment_status":"closed","ping_status":"closed","template":"","meta":{"_acf_changed":false,"footnotes":""},"class_list":["post-1833","page","type-page","status-publish","hentry"],"acf":[],"yoast_head":"<!-- This site is optimized with the Yoast SEO plugin v25.6 - https:\/\/yoast.com\/wordpress\/plugins\/seo\/ -->\n<title>Sz\u00fcl\u0151i F\u00f3rum - Sport Forum Hungary 2025<\/title>\n<meta name=\"robots\" content=\"index, follow, max-snippet:-1, max-image-preview:large, max-video-preview:-1\" \/>\n<link rel=\"canonical\" href=\"https:\/\/sportforumhungary.hu\/en\/szuloi-forum\/\" \/>\n<meta property=\"og:locale\" content=\"en_GB\" \/>\n<meta property=\"og:type\" content=\"article\" \/>\n<meta property=\"og:title\" content=\"Sz\u00fcl\u0151i F\u00f3rum - Sport Forum Hungary 2025\" \/>\n<meta property=\"og:description\" content=\"\u00c9p\u00edtse gyermeke \u00fatj\u00e1t a sportsikerhez! 2025. november 20. Groupama Ar\u00e9na JEGYV\u00c1S\u00c1RL\u00c1S Els\u0151 Sz\u00fcl\u0151i F\u00f3rum &#8211; Football Forum Hungary 2025 keretein bel\u00fcl https:\/\/youtu.be\/3Jw0p_SnKxI\" \/>\n<meta property=\"og:url\" content=\"https:\/\/sportforumhungary.hu\/en\/szuloi-forum\/\" \/>\n<meta property=\"og:site_name\" content=\"Sport Forum Hungary 2025\" \/>\n<meta property=\"article:modified_time\" content=\"2025-11-06T12:22:27+00:00\" \/>\n<meta property=\"og:image\" content=\"https:\/\/sportforumhungary.hu\/wp-content\/uploads\/2025\/11\/SFH25_SZF_onepager.pdf-2-768x1086.jpg\" \/>\n<meta name=\"twitter:card\" content=\"summary_large_image\" \/>\n<meta name=\"twitter:label1\" content=\"Estimated reading time\" \/>\n\t<meta name=\"twitter:data1\" content=\"1 minute\" \/>\n<script type=\"application\/ld+json\" class=\"yoast-schema-graph\">{\"@context\":\"https:\/\/schema.org\",\"@graph\":[{\"@type\":\"WebPage\",\"@id\":\"https:\/\/sportforumhungary.hu\/szuloi-forum\/\",\"url\":\"https:\/\/sportforumhungary.hu\/szuloi-forum\/\",\"name\":\"Sz\u00fcl\u0151i F\u00f3rum - Sport Forum Hungary 2025\",\"isPartOf\":{\"@id\":\"https:\/\/sportforumhungary.hu\/#website\"},\"primaryImageOfPage\":{\"@id\":\"https:\/\/sportforumhungary.hu\/szuloi-forum\/#primaryimage\"},\"image\":{\"@id\":\"https:\/\/sportforumhungary.hu\/szuloi-forum\/#primaryimage\"},\"thumbnailUrl\":\"https:\/\/sportforumhungary.hu\/wp-content\/uploads\/2025\/11\/SFH25_SZF_onepager.pdf-2-768x1086.jpg\",\"datePublished\":\"2025-09-10T14:50:11+00:00\",\"dateModified\":\"2025-11-06T12:22:27+00:00\",\"breadcrumb\":{\"@id\":\"https:\/\/sportforumhungary.hu\/szuloi-forum\/#breadcrumb\"},\"inLanguage\":\"en-GB\",\"potentialAction\":[{\"@type\":\"ReadAction\",\"target\":[\"https:\/\/sportforumhungary.hu\/szuloi-forum\/\"]}]},{\"@type\":\"ImageObject\",\"inLanguage\":\"en-GB\",\"@id\":\"https:\/\/sportforumhungary.hu\/szuloi-forum\/#primaryimage\",\"url\":\"https:\/\/sportforumhungary.hu\/wp-content\/uploads\/2025\/11\/SFH25_SZF_onepager.pdf-2-768x1086.jpg\",\"contentUrl\":\"https:\/\/sportforumhungary.hu\/wp-content\/uploads\/2025\/11\/SFH25_SZF_onepager.pdf-2-768x1086.jpg\"},{\"@type\":\"BreadcrumbList\",\"@id\":\"https:\/\/sportforumhungary.hu\/szuloi-forum\/#breadcrumb\",\"itemListElement\":[{\"@type\":\"ListItem\",\"position\":1,\"name\":\"Kezd\u0151lap\",\"item\":\"https:\/\/sportforumhungary.hu\/\"},{\"@type\":\"ListItem\",\"position\":2,\"name\":\"Sz\u00fcl\u0151i F\u00f3rum\"}]},{\"@type\":\"WebSite\",\"@id\":\"https:\/\/sportforumhungary.hu\/#website\",\"url\":\"https:\/\/sportforumhungary.hu\/\",\"name\":\"Sport Forum Hungary 2025\",\"description\":\"\",\"publisher\":{\"@id\":\"https:\/\/sportforumhungary.hu\/#organization\"},\"potentialAction\":[{\"@type\":\"SearchAction\",\"target\":{\"@type\":\"EntryPoint\",\"urlTemplate\":\"https:\/\/sportforumhungary.hu\/?s={search_term_string}\"},\"query-input\":{\"@type\":\"PropertyValueSpecification\",\"valueRequired\":true,\"valueName\":\"search_term_string\"}}],\"inLanguage\":\"en-GB\"},{\"@type\":\"Organization\",\"@id\":\"https:\/\/sportforumhungary.hu\/#organization\",\"name\":\"Sport Forum Hungary 2025\",\"url\":\"https:\/\/sportforumhungary.hu\/\",\"logo\":{\"@type\":\"ImageObject\",\"inLanguage\":\"en-GB\",\"@id\":\"https:\/\/sportforumhungary.hu\/#\/schema\/logo\/image\/\",\"url\":\"https:\/\/sportforumhungary.hu\/wp-content\/uploads\/2025\/10\/cropped-2510Sportmerch-logo.psd-4.png\",\"contentUrl\":\"https:\/\/sportforumhungary.hu\/wp-content\/uploads\/2025\/10\/cropped-2510Sportmerch-logo.psd-4.png\",\"width\":822,\"height\":159,\"caption\":\"Sport Forum Hungary 2025\"},\"image\":{\"@id\":\"https:\/\/sportforumhungary.hu\/#\/schema\/logo\/image\/\"}}]}<\/script>\n<!-- \/ Yoast SEO plugin. -->","yoast_head_json":{"title":"Sz\u00fcl\u0151i F\u00f3rum - Sport Forum Hungary 2025","robots":{"index":"index","follow":"follow","max-snippet":"max-snippet:-1","max-image-preview":"max-image-preview:large","max-video-preview":"max-video-preview:-1"},"canonical":"https:\/\/sportforumhungary.hu\/en\/szuloi-forum\/","og_locale":"en_GB","og_type":"article","og_title":"Sz\u00fcl\u0151i F\u00f3rum - Sport Forum Hungary 2025","og_description":"\u00c9p\u00edtse gyermeke \u00fatj\u00e1t a sportsikerhez! 2025. november 20. Groupama Ar\u00e9na JEGYV\u00c1S\u00c1RL\u00c1S Els\u0151 Sz\u00fcl\u0151i F\u00f3rum &#8211; Football Forum Hungary 2025 keretein bel\u00fcl https:\/\/youtu.be\/3Jw0p_SnKxI","og_url":"https:\/\/sportforumhungary.hu\/en\/szuloi-forum\/","og_site_name":"Sport Forum Hungary 2025","article_modified_time":"2025-11-06T12:22:27+00:00","og_image":[{"url":"https:\/\/sportforumhungary.hu\/wp-content\/uploads\/2025\/11\/SFH25_SZF_onepager.pdf-2-768x1086.jpg","type":"","width":"","height":""}],"twitter_card":"summary_large_image","twitter_misc":{"Estimated reading time":"1 minute"},"schema":{"@context":"https:\/\/schema.org","@graph":[{"@type":"WebPage","@id":"https:\/\/sportforumhungary.hu\/szuloi-forum\/","url":"https:\/\/sportforumhungary.hu\/szuloi-forum\/","name":"Sz\u00fcl\u0151i F\u00f3rum - Sport Forum Hungary 2025","isPartOf":{"@id":"https:\/\/sportforumhungary.hu\/#website"},"primaryImageOfPage":{"@id":"https:\/\/sportforumhungary.hu\/szuloi-forum\/#primaryimage"},"image":{"@id":"https:\/\/sportforumhungary.hu\/szuloi-forum\/#primaryimage"},"thumbnailUrl":"https:\/\/sportforumhungary.hu\/wp-content\/uploads\/2025\/11\/SFH25_SZF_onepager.pdf-2-768x1086.jpg","datePublished":"2025-09-10T14:50:11+00:00","dateModified":"2025-11-06T12:22:27+00:00","breadcrumb":{"@id":"https:\/\/sportforumhungary.hu\/szuloi-forum\/#breadcrumb"},"inLanguage":"en-GB","potentialAction":[{"@type":"ReadAction","target":["https:\/\/sportforumhungary.hu\/szuloi-forum\/"]}]},{"@type":"ImageObject","inLanguage":"en-GB","@id":"https:\/\/sportforumhungary.hu\/szuloi-forum\/#primaryimage","url":"https:\/\/sportforumhungary.hu\/wp-content\/uploads\/2025\/11\/SFH25_SZF_onepager.pdf-2-768x1086.jpg","contentUrl":"https:\/\/sportforumhungary.hu\/wp-content\/uploads\/2025\/11\/SFH25_SZF_onepager.pdf-2-768x1086.jpg"},{"@type":"BreadcrumbList","@id":"https:\/\/sportforumhungary.hu\/szuloi-forum\/#breadcrumb","itemListElement":[{"@type":"ListItem","position":1,"name":"Kezd\u0151lap","item":"https:\/\/sportforumhungary.hu\/"},{"@type":"ListItem","position":2,"name":"Sz\u00fcl\u0151i F\u00f3rum"}]},{"@type":"WebSite","@id":"https:\/\/sportforumhungary.hu\/#website","url":"https:\/\/sportforumhungary.hu\/","name":"Sport Forum Hungary 2025","description":"","publisher":{"@id":"https:\/\/sportforumhungary.hu\/#organization"},"potentialAction":[{"@type":"SearchAction","target":{"@type":"EntryPoint","urlTemplate":"https:\/\/sportforumhungary.hu\/?s={search_term_string}"},"query-input":{"@type":"PropertyValueSpecification","valueRequired":true,"valueName":"search_term_string"}}],"inLanguage":"en-GB"},{"@type":"Organization","@id":"https:\/\/sportforumhungary.hu\/#organization","name":"Sport Forum Hungary 2025","url":"https:\/\/sportforumhungary.hu\/","logo":{"@type":"ImageObject","inLanguage":"en-GB","@id":"https:\/\/sportforumhungary.hu\/#\/schema\/logo\/image\/","url":"https:\/\/sportforumhungary.hu\/wp-content\/uploads\/2025\/10\/cropped-2510Sportmerch-logo.psd-4.png","contentUrl":"https:\/\/sportforumhungary.hu\/wp-content\/uploads\/2025\/10\/cropped-2510Sportmerch-logo.psd-4.png","width":822,"height":159,"caption":"Sport Forum Hungary 2025"},"image":{"@id":"https:\/\/sportforumhungary.hu\/#\/schema\/logo\/image\/"}}]}},"_links":{"self":[{"href":"https:\/\/sportforumhungary.hu\/en\/wp-json\/wp\/v2\/pages\/1833","targetHints":{"allow":["GET"]}}],"collection":[{"href":"https:\/\/sportforumhungary.hu\/en\/wp-json\/wp\/v2\/pages"}],"about":[{"href":"https:\/\/sportforumhungary.hu\/en\/wp-json\/wp\/v2\/types\/page"}],"author":[{"embeddable":true,"href":"https:\/\/sportforumhungary.hu\/en\/wp-json\/wp\/v2\/users\/3"}],"replies":[{"embeddable":true,"href":"https:\/\/sportforumhungary.hu\/en\/wp-json\/wp\/v2\/comments?post=1833"}],"version-history":[{"count":55,"href":"https:\/\/sportforumhungary.hu\/en\/wp-json\/wp\/v2\/pages\/1833\/revisions"}],"predecessor-version":[{"id":3162,"href":"https:\/\/sportforumhungary.hu\/en\/wp-json\/wp\/v2\/pages\/1833\/revisions\/3162"}],"wp:attachment":[{"href":"https:\/\/sportforumhungary.hu\/en\/wp-json\/wp\/v2\/media?parent=1833"}],"curies":[{"name":"wp","href":"https:\/\/api.w.org\/{rel}","templated":true}]}}