{"id":1783,"date":"2025-09-10T14:02:42","date_gmt":"2025-09-10T12:02:42","guid":{"rendered":"https:\/\/sportforumhungary.hu\/?page_id=1783"},"modified":"2025-11-06T16:03:45","modified_gmt":"2025-11-06T15:03:45","slug":"sport-job-fair","status":"publish","type":"page","link":"https:\/\/sportforumhungary.hu\/en\/sport-job-fair\/","title":{"rendered":"Sport Job Fair"},"content":{"rendered":"<div data-elementor-type=\"wp-page\" data-elementor-id=\"1783\" class=\"elementor elementor-1783\" data-elementor-post-type=\"page\">\n\t\t\t\t<div class=\"elementor-element elementor-element-b23dda6 e-flex e-con-boxed e-con e-parent\" data-id=\"b23dda6\" data-element_type=\"container\">\n\t\t\t\t\t<div class=\"e-con-inner\">\n\t\t\t\t<div class=\"elementor-element elementor-element-9ef9ed1 elementor-widget elementor-widget-image\" data-id=\"9ef9ed1\" data-element_type=\"widget\" data-widget_type=\"image.default\">\n\t\t\t\t\t\t\t\t\t\t\t\t\t\t\t\t<a href=\"mailto:gheinrich@thepathsm.com\" target=\"_blank\">\n\t\t\t\t\t\t\t<img fetchpriority=\"high\" decoding=\"async\" width=\"724\" height=\"1024\" src=\"https:\/\/sportforumhungary.hu\/wp-content\/uploads\/2025\/09\/Sports-Job-fair-one-pager.pdf-ma\u0301solata-ma\u0301solata-2.jpg\" class=\"attachment-large size-large wp-image-1786\" alt=\"\" srcset=\"https:\/\/sportforumhungary.hu\/wp-content\/uploads\/2025\/09\/Sports-Job-fair-one-pager.pdf-ma\u0301solata-ma\u0301solata-2.jpg 1414w, https:\/\/sportforumhungary.hu\/wp-content\/uploads\/2025\/09\/Sports-Job-fair-one-pager.pdf-ma\u0301solata-ma\u0301solata-2-212x300.jpg 212w, https:\/\/sportforumhungary.hu\/wp-content\/uploads\/2025\/09\/Sports-Job-fair-one-pager.pdf-ma\u0301solata-ma\u0301solata-2-724x1024.jpg 724w, https:\/\/sportforumhungary.hu\/wp-content\/uploads\/2025\/09\/Sports-Job-fair-one-pager.pdf-ma\u0301solata-ma\u0301solata-2-768x1086.jpg 768w, https:\/\/sportforumhungary.hu\/wp-content\/uploads\/2025\/09\/Sports-Job-fair-one-pager.pdf-ma\u0301solata-ma\u0301solata-2-1086x1536.jpg 1086w, https:\/\/sportforumhungary.hu\/wp-content\/uploads\/2025\/09\/Sports-Job-fair-one-pager.pdf-ma\u0301solata-ma\u0301solata-2-8x12.jpg 8w\" sizes=\"(max-width: 724px) 100vw, 724px\" \/>\t\t\t\t\t\t\t\t<\/a>\n\t\t\t\t\t\t\t\t\t\t\t\t\t\t\t<\/div>\n\t\t\t\t<div class=\"elementor-element elementor-element-0fe1758 elementor-widget elementor-widget-image\" data-id=\"0fe1758\" data-element_type=\"widget\" data-widget_type=\"image.default\">\n\t\t\t\t\t\t\t\t\t\t\t\t\t\t\t<img decoding=\"async\" width=\"724\" height=\"1024\" src=\"https:\/\/sportforumhungary.hu\/wp-content\/uploads\/2025\/09\/Sports-Job-fair-one-pager.pdf-ma\u0301solata-ma\u0301solata-3.jpg\" class=\"attachment-large size-large wp-image-1787\" alt=\"\" srcset=\"https:\/\/sportforumhungary.hu\/wp-content\/uploads\/2025\/09\/Sports-Job-fair-one-pager.pdf-ma\u0301solata-ma\u0301solata-3.jpg 1414w, https:\/\/sportforumhungary.hu\/wp-content\/uploads\/2025\/09\/Sports-Job-fair-one-pager.pdf-ma\u0301solata-ma\u0301solata-3-212x300.jpg 212w, https:\/\/sportforumhungary.hu\/wp-content\/uploads\/2025\/09\/Sports-Job-fair-one-pager.pdf-ma\u0301solata-ma\u0301solata-3-724x1024.jpg 724w, https:\/\/sportforumhungary.hu\/wp-content\/uploads\/2025\/09\/Sports-Job-fair-one-pager.pdf-ma\u0301solata-ma\u0301solata-3-768x1086.jpg 768w, https:\/\/sportforumhungary.hu\/wp-content\/uploads\/2025\/09\/Sports-Job-fair-one-pager.pdf-ma\u0301solata-ma\u0301solata-3-1086x1536.jpg 1086w, https:\/\/sportforumhungary.hu\/wp-content\/uploads\/2025\/09\/Sports-Job-fair-one-pager.pdf-ma\u0301solata-ma\u0301solata-3-8x12.jpg 8w\" sizes=\"(max-width: 724px) 100vw, 724px\" \/>\t\t\t\t\t\t\t\t\t\t\t\t\t\t\t<\/div>\n\t\t\t\t\t<\/div>\n\t\t\t\t<\/div>\n\t\t<div class=\"elementor-element elementor-element-50a3e8de e-flex e-con-boxed e-con e-parent\" data-id=\"50a3e8de\" data-element_type=\"container\">\n\t\t\t\t\t<div class=\"e-con-inner\">\n\t\t\t\t<div class=\"elementor-element elementor-element-05c3c82 elementor-align-center elementor-widget elementor-widget-button\" data-id=\"05c3c82\" data-element_type=\"widget\" data-widget_type=\"button.default\">\n\t\t\t\t\t\t\t\t\t\t<a class=\"elementor-button elementor-button-link elementor-size-sm\" href=\"#\">\n\t\t\t\t\t\t<span class=\"elementor-button-content-wrapper\">\n\t\t\t\t\t\t\t\t\t<span class=\"elementor-button-text\">Vedd fel vel\u00fcnk a kapcsolatot: events@thpathsm.com<\/span>\n\t\t\t\t\t<\/span>\n\t\t\t\t\t<\/a>\n\t\t\t\t\t\t\t\t<\/div>\n\t\t\t\t<div class=\"elementor-element elementor-element-162c65c elementor-widget elementor-widget-heading\" data-id=\"162c65c\" data-element_type=\"widget\" data-widget_type=\"heading.default\">\n\t\t\t\t\t<h2 class=\"elementor-heading-title elementor-size-default\">Job fair ki\u00e1ll\u00edt\u00f3k 2025<\/h2>\t\t\t\t<\/div>\n\t\t\t\t\t<\/div>\n\t\t\t\t<\/div>\n\t\t<div class=\"elementor-element elementor-element-64f3be7 e-flex e-con-boxed e-con e-parent\" data-id=\"64f3be7\" data-element_type=\"container\">\n\t\t\t\t\t<div class=\"e-con-inner\">\n\t\t\t\t<div class=\"elementor-element elementor-element-3bf3e86 elementor-widget__width-initial elementor-widget elementor-widget-tp-clients-listout\" data-id=\"3bf3e86\" data-element_type=\"widget\" data-widget_type=\"tp-clients-listout.default\">\n\t\t\t\t\t<div id=\"pt-plus-clients-post-list\" class=\"clients-list post69e03ba906067  list-carousel-slick client-style-1\"   data-slider_direction=\"false\" data-slide_speed=\"1500\" data-slider_desktop_column=\"4\" data-steps_slide=\"1\" data-slider_draggable=\"true\" data-multi_drag=\"false\" data-slider_infinite=\"true\" data-slider_pause_hover=\"false\" data-slider_adaptive_height=\"false\" data-slider_animation=\"ease\" data-slider_autoplay=\"true\" data-autoplay_speed=\"3000\" data-slider_tablet_column=\"3\" data-tablet_steps_slide=\"1\" data-slider_responsive_tablet=\"no\" data-slider_mobile_column=\"2\" data-mobile_steps_slide=\"1\" data-slider_responsive_mobile=\"no\" data-slider_dots=\"false\" data-slider_dots_style=\"slick-dots \" data-slider_arrows=\"false\" data-slider_arrows_style=\"\"  data-arrows_position=\"\"  data-arrow_bg_color=\"\"  data-arrow_icon_color=\"\"  data-arrow_hover_bg_color=\"\"  data-arrow_hover_icon_color=\"\"  data-slider_center_mode=\"false\"  data-center_padding=\"0\"  data-scale_center_slide=\"1\"  data-scale_normal_slide=\"0.8\"  data-opacity_normal_slide=\"0.7\"  data-slider_rows=\"1\"  data-id=\"post69e03ba906067\" data-style=\"style-1\"  data-result=\"{&quot;carousel_direction&quot;:&quot;ltr&quot;}\" dir=\"ltr\" data-enable-isotope=\"1\"><div class=\"tp-row post-inner-loop layout-style-1   flex-wrap tp-align-items-center post69e03ba906067\"><div class=\"grid-item flex-column flex-wrap\">\t\t<div class=\"client-post-content\">\r\n\t\t\t<div class=\"client-content-logo\">\r\n\t\t\t\t\t\t\t\t<a href=\"#\" target=\"_blank\" rel=\"noopener noreferrer\"> \r\n\t\t\t\t\t\t\t\t\t\t\r\n<div class=\"client-featured-logo\">\r\n\t<span class=\"thumb-wrap\">\r\n\t\t<img decoding=\"async\" width=\"1021\" height=\"667\" src=\"https:\/\/sportforumhungary.hu\/wp-content\/uploads\/2025\/08\/Expo_web_logok-50-1.png\" class=\"attachment-full size-full\" alt=\"\" srcset=\"https:\/\/sportforumhungary.hu\/wp-content\/uploads\/2025\/08\/Expo_web_logok-50-1.png 1021w, https:\/\/sportforumhungary.hu\/wp-content\/uploads\/2025\/08\/Expo_web_logok-50-1-300x196.png 300w, https:\/\/sportforumhungary.hu\/wp-content\/uploads\/2025\/08\/Expo_web_logok-50-1-768x502.png 768w, https:\/\/sportforumhungary.hu\/wp-content\/uploads\/2025\/08\/Expo_web_logok-50-1-18x12.png 18w\" sizes=\"(max-width: 1021px) 100vw, 1021px\" \/>\t<\/span>\r\n<\/div>\r\n<\/a>\t\t\t<\/div>\r\n\t\t\t\t\t<\/div>\r\n<\/div><div class=\"grid-item flex-column flex-wrap\">\t\t<div class=\"client-post-content\">\r\n\t\t\t<div class=\"client-content-logo\">\r\n\t\t\t\t\t\t\t\t<a href=\"#\" target=\"_blank\" rel=\"noopener noreferrer\"> \r\n\t\t\t\t\t\t\t\t\t\t\r\n<div class=\"client-featured-logo\">\r\n\t<span class=\"thumb-wrap\">\r\n\t\t<img loading=\"lazy\" decoding=\"async\" width=\"1204\" height=\"292\" src=\"https:\/\/sportforumhungary.hu\/wp-content\/uploads\/2025\/10\/Magyar-Sport-coachlogo\u0301-e1762439694706.jpg\" class=\"attachment-full size-full\" alt=\"\" srcset=\"https:\/\/sportforumhungary.hu\/wp-content\/uploads\/2025\/10\/Magyar-Sport-coachlogo\u0301-e1762439694706.jpg 1204w, https:\/\/sportforumhungary.hu\/wp-content\/uploads\/2025\/10\/Magyar-Sport-coachlogo\u0301-e1762439694706-300x73.jpg 300w, https:\/\/sportforumhungary.hu\/wp-content\/uploads\/2025\/10\/Magyar-Sport-coachlogo\u0301-e1762439694706-1024x248.jpg 1024w, https:\/\/sportforumhungary.hu\/wp-content\/uploads\/2025\/10\/Magyar-Sport-coachlogo\u0301-e1762439694706-768x186.jpg 768w, https:\/\/sportforumhungary.hu\/wp-content\/uploads\/2025\/10\/Magyar-Sport-coachlogo\u0301-e1762439694706-18x4.jpg 18w\" sizes=\"(max-width: 1204px) 100vw, 1204px\" \/>\t<\/span>\r\n<\/div>\r\n<\/a>\t\t\t<\/div>\r\n\t\t\t\t\t<\/div>\r\n<\/div><div class=\"grid-item flex-column flex-wrap\">\t\t<div class=\"client-post-content\">\r\n\t\t\t<div class=\"client-content-logo\">\r\n\t\t\t\t\t\t\t\t<a href=\"#\" target=\"_blank\" rel=\"noopener noreferrer\"> \r\n\t\t\t\t\t\t\t\t\t\t\r\n<div class=\"client-featured-logo\">\r\n\t<span class=\"thumb-wrap\">\r\n\t\t<img loading=\"lazy\" decoding=\"async\" width=\"80\" height=\"92\" src=\"https:\/\/sportforumhungary.hu\/wp-content\/uploads\/2025\/10\/wsz-logo-e1759832744500.png\" class=\"attachment-full size-full\" alt=\"\" \/>\t<\/span>\r\n<\/div>\r\n<\/a>\t\t\t<\/div>\r\n\t\t\t\t\t<\/div>\r\n<\/div><div class=\"grid-item flex-column flex-wrap\">\t\t<div class=\"client-post-content\">\r\n\t\t\t<div class=\"client-content-logo\">\r\n\t\t\t\t\t\t\t\t<a href=\"#\" target=\"_blank\" rel=\"noopener noreferrer\"> \r\n\t\t\t\t\t\t\t\t\t\t\r\n<div class=\"client-featured-logo\">\r\n\t<span class=\"thumb-wrap\">\r\n\t\t<img loading=\"lazy\" decoding=\"async\" width=\"2168\" height=\"286\" src=\"https:\/\/sportforumhungary.hu\/wp-content\/uploads\/2025\/09\/LOGO-BLUE.png\" class=\"attachment-full size-full\" alt=\"\" srcset=\"https:\/\/sportforumhungary.hu\/wp-content\/uploads\/2025\/09\/LOGO-BLUE.png 2168w, https:\/\/sportforumhungary.hu\/wp-content\/uploads\/2025\/09\/LOGO-BLUE-300x40.png 300w, https:\/\/sportforumhungary.hu\/wp-content\/uploads\/2025\/09\/LOGO-BLUE-1024x135.png 1024w, https:\/\/sportforumhungary.hu\/wp-content\/uploads\/2025\/09\/LOGO-BLUE-768x101.png 768w, https:\/\/sportforumhungary.hu\/wp-content\/uploads\/2025\/09\/LOGO-BLUE-1536x203.png 1536w, https:\/\/sportforumhungary.hu\/wp-content\/uploads\/2025\/09\/LOGO-BLUE-2048x270.png 2048w, https:\/\/sportforumhungary.hu\/wp-content\/uploads\/2025\/09\/LOGO-BLUE-18x2.png 18w\" sizes=\"(max-width: 2168px) 100vw, 2168px\" \/>\t<\/span>\r\n<\/div>\r\n<\/a>\t\t\t<\/div>\r\n\t\t\t\t\t<\/div>\r\n<\/div><div class=\"grid-item flex-column flex-wrap\">\t\t<div class=\"client-post-content\">\r\n\t\t\t<div class=\"client-content-logo\">\r\n\t\t\t\t\t\t\t\t<a href=\"#\" target=\"_blank\" rel=\"noopener noreferrer\"> \r\n\t\t\t\t\t\t\t\t\t\t\r\n<div class=\"client-featured-logo\">\r\n\t<span class=\"thumb-wrap\">\r\n\t\t<img loading=\"lazy\" decoding=\"async\" width=\"1021\" height=\"667\" src=\"https:\/\/sportforumhungary.hu\/wp-content\/uploads\/2025\/11\/colonnade-2.png\" class=\"attachment-full size-full\" alt=\"\" srcset=\"https:\/\/sportforumhungary.hu\/wp-content\/uploads\/2025\/11\/colonnade-2.png 1021w, https:\/\/sportforumhungary.hu\/wp-content\/uploads\/2025\/11\/colonnade-2-300x196.png 300w, https:\/\/sportforumhungary.hu\/wp-content\/uploads\/2025\/11\/colonnade-2-768x502.png 768w, https:\/\/sportforumhungary.hu\/wp-content\/uploads\/2025\/11\/colonnade-2-18x12.png 18w\" sizes=\"(max-width: 1021px) 100vw, 1021px\" \/>\t<\/span>\r\n<\/div>\r\n<\/a>\t\t\t<\/div>\r\n\t\t\t\t\t<\/div>\r\n<\/div><div class=\"grid-item flex-column flex-wrap\">\t\t<div class=\"client-post-content\">\r\n\t\t\t<div class=\"client-content-logo\">\r\n\t\t\t\t\t\t\t\t<a href=\"#\" target=\"_blank\" rel=\"noopener noreferrer\"> \r\n\t\t\t\t\t\t\t\t\t\t\r\n<div class=\"client-featured-logo\">\r\n\t<span class=\"thumb-wrap\">\r\n\t\t<img loading=\"lazy\" decoding=\"async\" width=\"1021\" height=\"667\" src=\"https:\/\/sportforumhungary.hu\/wp-content\/uploads\/2025\/11\/colonnade-1.png\" class=\"attachment-full size-full\" alt=\"\" srcset=\"https:\/\/sportforumhungary.hu\/wp-content\/uploads\/2025\/11\/colonnade-1.png 1021w, https:\/\/sportforumhungary.hu\/wp-content\/uploads\/2025\/11\/colonnade-1-300x196.png 300w, https:\/\/sportforumhungary.hu\/wp-content\/uploads\/2025\/11\/colonnade-1-768x502.png 768w, https:\/\/sportforumhungary.hu\/wp-content\/uploads\/2025\/11\/colonnade-1-18x12.png 18w\" sizes=\"(max-width: 1021px) 100vw, 1021px\" \/>\t<\/span>\r\n<\/div>\r\n<\/a>\t\t\t<\/div>\r\n\t\t\t\t\t<\/div>\r\n<\/div><\/div><\/div>\t\t\t\t<\/div>\n\t\t\t\t\t<\/div>\n\t\t\t\t<\/div>\n\t\t\t\t<\/div>","protected":false},"excerpt":{"rendered":"<p>Vedd fel vel\u00fcnk a kapcsolatot: events@thpathsm.com Job fair ki\u00e1ll\u00edt\u00f3k 2025<\/p>","protected":false},"author":3,"featured_media":0,"parent":0,"menu_order":0,"comment_status":"closed","ping_status":"closed","template":"","meta":{"_acf_changed":false,"footnotes":""},"class_list":["post-1783","page","type-page","status-publish","hentry"],"acf":[],"yoast_head":"<!-- This site is optimized with the Yoast SEO plugin v25.6 - https:\/\/yoast.com\/wordpress\/plugins\/seo\/ -->\n<title>Sport Job Fair - Sport Forum Hungary 2025<\/title>\n<meta name=\"robots\" content=\"index, follow, max-snippet:-1, max-image-preview:large, max-video-preview:-1\" \/>\n<link rel=\"canonical\" href=\"https:\/\/sportforumhungary.hu\/en\/sport-job-fair\/\" \/>\n<meta property=\"og:locale\" content=\"en_GB\" \/>\n<meta property=\"og:type\" content=\"article\" \/>\n<meta property=\"og:title\" content=\"Sport Job Fair - Sport Forum Hungary 2025\" \/>\n<meta property=\"og:description\" content=\"Vedd fel vel\u00fcnk a kapcsolatot: events@thpathsm.com Job fair ki\u00e1ll\u00edt\u00f3k 2025\" \/>\n<meta property=\"og:url\" content=\"https:\/\/sportforumhungary.hu\/en\/sport-job-fair\/\" \/>\n<meta property=\"og:site_name\" content=\"Sport Forum Hungary 2025\" \/>\n<meta property=\"article:modified_time\" content=\"2025-11-06T15:03:45+00:00\" \/>\n<meta property=\"og:image\" content=\"https:\/\/sportforumhungary.hu\/wp-content\/uploads\/2025\/08\/Expo_web_logok-50-1.png\" \/>\n<meta name=\"twitter:card\" content=\"summary_large_image\" \/>\n<meta name=\"twitter:label1\" content=\"Estimated reading time\" \/>\n\t<meta name=\"twitter:data1\" content=\"4 minutes\" \/>\n<script type=\"application\/ld+json\" class=\"yoast-schema-graph\">{\"@context\":\"https:\/\/schema.org\",\"@graph\":[{\"@type\":\"WebPage\",\"@id\":\"https:\/\/sportforumhungary.hu\/sport-job-fair\/\",\"url\":\"https:\/\/sportforumhungary.hu\/sport-job-fair\/\",\"name\":\"Sport Job Fair - Sport Forum Hungary 2025\",\"isPartOf\":{\"@id\":\"https:\/\/sportforumhungary.hu\/#website\"},\"primaryImageOfPage\":{\"@id\":\"https:\/\/sportforumhungary.hu\/sport-job-fair\/#primaryimage\"},\"image\":{\"@id\":\"https:\/\/sportforumhungary.hu\/sport-job-fair\/#primaryimage\"},\"thumbnailUrl\":\"https:\/\/sportforumhungary.hu\/wp-content\/uploads\/2025\/08\/Expo_web_logok-50-1.png\",\"datePublished\":\"2025-09-10T12:02:42+00:00\",\"dateModified\":\"2025-11-06T15:03:45+00:00\",\"breadcrumb\":{\"@id\":\"https:\/\/sportforumhungary.hu\/sport-job-fair\/#breadcrumb\"},\"inLanguage\":\"en-GB\",\"potentialAction\":[{\"@type\":\"ReadAction\",\"target\":[\"https:\/\/sportforumhungary.hu\/sport-job-fair\/\"]}]},{\"@type\":\"ImageObject\",\"inLanguage\":\"en-GB\",\"@id\":\"https:\/\/sportforumhungary.hu\/sport-job-fair\/#primaryimage\",\"url\":\"https:\/\/sportforumhungary.hu\/wp-content\/uploads\/2025\/08\/Expo_web_logok-50-1.png\",\"contentUrl\":\"https:\/\/sportforumhungary.hu\/wp-content\/uploads\/2025\/08\/Expo_web_logok-50-1.png\"},{\"@type\":\"BreadcrumbList\",\"@id\":\"https:\/\/sportforumhungary.hu\/sport-job-fair\/#breadcrumb\",\"itemListElement\":[{\"@type\":\"ListItem\",\"position\":1,\"name\":\"Kezd\u0151lap\",\"item\":\"https:\/\/sportforumhungary.hu\/\"},{\"@type\":\"ListItem\",\"position\":2,\"name\":\"Sport Job Fair\"}]},{\"@type\":\"WebSite\",\"@id\":\"https:\/\/sportforumhungary.hu\/#website\",\"url\":\"https:\/\/sportforumhungary.hu\/\",\"name\":\"Sport Forum Hungary 2025\",\"description\":\"\",\"publisher\":{\"@id\":\"https:\/\/sportforumhungary.hu\/#organization\"},\"potentialAction\":[{\"@type\":\"SearchAction\",\"target\":{\"@type\":\"EntryPoint\",\"urlTemplate\":\"https:\/\/sportforumhungary.hu\/?s={search_term_string}\"},\"query-input\":{\"@type\":\"PropertyValueSpecification\",\"valueRequired\":true,\"valueName\":\"search_term_string\"}}],\"inLanguage\":\"en-GB\"},{\"@type\":\"Organization\",\"@id\":\"https:\/\/sportforumhungary.hu\/#organization\",\"name\":\"Sport Forum Hungary 2025\",\"url\":\"https:\/\/sportforumhungary.hu\/\",\"logo\":{\"@type\":\"ImageObject\",\"inLanguage\":\"en-GB\",\"@id\":\"https:\/\/sportforumhungary.hu\/#\/schema\/logo\/image\/\",\"url\":\"https:\/\/sportforumhungary.hu\/wp-content\/uploads\/2025\/10\/cropped-2510Sportmerch-logo.psd-4.png\",\"contentUrl\":\"https:\/\/sportforumhungary.hu\/wp-content\/uploads\/2025\/10\/cropped-2510Sportmerch-logo.psd-4.png\",\"width\":822,\"height\":159,\"caption\":\"Sport Forum Hungary 2025\"},\"image\":{\"@id\":\"https:\/\/sportforumhungary.hu\/#\/schema\/logo\/image\/\"}}]}<\/script>\n<!-- \/ Yoast SEO plugin. -->","yoast_head_json":{"title":"Sport Job Fair - Sport Forum Hungary 2025","robots":{"index":"index","follow":"follow","max-snippet":"max-snippet:-1","max-image-preview":"max-image-preview:large","max-video-preview":"max-video-preview:-1"},"canonical":"https:\/\/sportforumhungary.hu\/en\/sport-job-fair\/","og_locale":"en_GB","og_type":"article","og_title":"Sport Job Fair - Sport Forum Hungary 2025","og_description":"Vedd fel vel\u00fcnk a kapcsolatot: events@thpathsm.com Job fair ki\u00e1ll\u00edt\u00f3k 2025","og_url":"https:\/\/sportforumhungary.hu\/en\/sport-job-fair\/","og_site_name":"Sport Forum Hungary 2025","article_modified_time":"2025-11-06T15:03:45+00:00","og_image":[{"url":"https:\/\/sportforumhungary.hu\/wp-content\/uploads\/2025\/08\/Expo_web_logok-50-1.png","type":"","width":"","height":""}],"twitter_card":"summary_large_image","twitter_misc":{"Estimated reading time":"4 minutes"},"schema":{"@context":"https:\/\/schema.org","@graph":[{"@type":"WebPage","@id":"https:\/\/sportforumhungary.hu\/sport-job-fair\/","url":"https:\/\/sportforumhungary.hu\/sport-job-fair\/","name":"Sport Job Fair - Sport Forum Hungary 2025","isPartOf":{"@id":"https:\/\/sportforumhungary.hu\/#website"},"primaryImageOfPage":{"@id":"https:\/\/sportforumhungary.hu\/sport-job-fair\/#primaryimage"},"image":{"@id":"https:\/\/sportforumhungary.hu\/sport-job-fair\/#primaryimage"},"thumbnailUrl":"https:\/\/sportforumhungary.hu\/wp-content\/uploads\/2025\/08\/Expo_web_logok-50-1.png","datePublished":"2025-09-10T12:02:42+00:00","dateModified":"2025-11-06T15:03:45+00:00","breadcrumb":{"@id":"https:\/\/sportforumhungary.hu\/sport-job-fair\/#breadcrumb"},"inLanguage":"en-GB","potentialAction":[{"@type":"ReadAction","target":["https:\/\/sportforumhungary.hu\/sport-job-fair\/"]}]},{"@type":"ImageObject","inLanguage":"en-GB","@id":"https:\/\/sportforumhungary.hu\/sport-job-fair\/#primaryimage","url":"https:\/\/sportforumhungary.hu\/wp-content\/uploads\/2025\/08\/Expo_web_logok-50-1.png","contentUrl":"https:\/\/sportforumhungary.hu\/wp-content\/uploads\/2025\/08\/Expo_web_logok-50-1.png"},{"@type":"BreadcrumbList","@id":"https:\/\/sportforumhungary.hu\/sport-job-fair\/#breadcrumb","itemListElement":[{"@type":"ListItem","position":1,"name":"Kezd\u0151lap","item":"https:\/\/sportforumhungary.hu\/"},{"@type":"ListItem","position":2,"name":"Sport Job Fair"}]},{"@type":"WebSite","@id":"https:\/\/sportforumhungary.hu\/#website","url":"https:\/\/sportforumhungary.hu\/","name":"Sport Forum Hungary 2025","description":"","publisher":{"@id":"https:\/\/sportforumhungary.hu\/#organization"},"potentialAction":[{"@type":"SearchAction","target":{"@type":"EntryPoint","urlTemplate":"https:\/\/sportforumhungary.hu\/?s={search_term_string}"},"query-input":{"@type":"PropertyValueSpecification","valueRequired":true,"valueName":"search_term_string"}}],"inLanguage":"en-GB"},{"@type":"Organization","@id":"https:\/\/sportforumhungary.hu\/#organization","name":"Sport Forum Hungary 2025","url":"https:\/\/sportforumhungary.hu\/","logo":{"@type":"ImageObject","inLanguage":"en-GB","@id":"https:\/\/sportforumhungary.hu\/#\/schema\/logo\/image\/","url":"https:\/\/sportforumhungary.hu\/wp-content\/uploads\/2025\/10\/cropped-2510Sportmerch-logo.psd-4.png","contentUrl":"https:\/\/sportforumhungary.hu\/wp-content\/uploads\/2025\/10\/cropped-2510Sportmerch-logo.psd-4.png","width":822,"height":159,"caption":"Sport Forum Hungary 2025"},"image":{"@id":"https:\/\/sportforumhungary.hu\/#\/schema\/logo\/image\/"}}]}},"_links":{"self":[{"href":"https:\/\/sportforumhungary.hu\/en\/wp-json\/wp\/v2\/pages\/1783","targetHints":{"allow":["GET"]}}],"collection":[{"href":"https:\/\/sportforumhungary.hu\/en\/wp-json\/wp\/v2\/pages"}],"about":[{"href":"https:\/\/sportforumhungary.hu\/en\/wp-json\/wp\/v2\/types\/page"}],"author":[{"embeddable":true,"href":"https:\/\/sportforumhungary.hu\/en\/wp-json\/wp\/v2\/users\/3"}],"replies":[{"embeddable":true,"href":"https:\/\/sportforumhungary.hu\/en\/wp-json\/wp\/v2\/comments?post=1783"}],"version-history":[{"count":35,"href":"https:\/\/sportforumhungary.hu\/en\/wp-json\/wp\/v2\/pages\/1783\/revisions"}],"predecessor-version":[{"id":3207,"href":"https:\/\/sportforumhungary.hu\/en\/wp-json\/wp\/v2\/pages\/1783\/revisions\/3207"}],"wp:attachment":[{"href":"https:\/\/sportforumhungary.hu\/en\/wp-json\/wp\/v2\/media?parent=1783"}],"curies":[{"name":"wp","href":"https:\/\/api.w.org\/{rel}","templated":true}]}}