{"id":1023,"date":"2025-08-10T12:00:34","date_gmt":"2025-08-10T10:00:34","guid":{"rendered":"https:\/\/sportforumhungary.hu\/?page_id=1023"},"modified":"2025-10-16T10:24:37","modified_gmt":"2025-10-16T08:24:37","slug":"kapcsolat","status":"publish","type":"page","link":"https:\/\/sportforumhungary.hu\/en\/kapcsolat\/","title":{"rendered":"Contact"},"content":{"rendered":"<div data-elementor-type=\"wp-page\" data-elementor-id=\"1023\" class=\"elementor elementor-1023\" data-elementor-post-type=\"page\">\n\t\t\t\t<div class=\"elementor-element elementor-element-4bdefed e-flex e-con-boxed e-con e-parent\" data-id=\"4bdefed\" data-element_type=\"container\">\n\t\t\t\t\t<div class=\"e-con-inner\">\n\t\t<div class=\"elementor-element elementor-element-b05259d e-grid e-con-full e-con e-child\" data-id=\"b05259d\" data-element_type=\"container\">\n\t\t\t\t<div class=\"elementor-element elementor-element-3363852 elementor-widget elementor-widget-text-editor\" data-id=\"3363852\" data-element_type=\"widget\" data-widget_type=\"text-editor.default\">\n\t\t\t\t\t\t\t\t\t<div class=\"page-header\"><strong>Sport Forum Hungary sportkonferencia<\/strong><\/div><div>\u00a0<\/div><div class=\"page-content\"><strong>Contact us:<\/strong><\/div><div class=\"page-content\"><p><a href=\"mailto:events@thepathsm.com\">events@thepathsm.com<\/a><\/p><p><a href=\"https:\/\/sportforumhungary.hu\/en\/\" target=\"_blank\" rel=\"noreferrer noopener\">www.sportforumhungary.hu<\/a><\/p><p><blockquote class=\"wp-embedded-content\" data-secret=\"euDLH2Ydoc\"><a href=\"https:\/\/thepathsm.com\/\">Home<\/a><\/blockquote><iframe class=\"wp-embedded-content\" sandbox=\"allow-scripts\" security=\"restricted\" style=\"position: absolute; visibility: hidden;\" title=\"&#8220;Home&#8221; &#8212; the path\" src=\"https:\/\/thepathsm.com\/embed\/#?secret=S3wPuEUzf8#?secret=euDLH2Ydoc\" data-secret=\"euDLH2Ydoc\" width=\"600\" height=\"338\" frameborder=\"0\" marginwidth=\"0\" marginheight=\"0\" scrolling=\"no\"><\/iframe><\/p><p><strong>HPB Sportmanagement Kft.<\/strong><\/p><p>1013 Budapest, L\u00e1nch\u00edd utca 15-17.<\/p><\/div>\t\t\t\t\t\t\t\t<\/div>\n\t\t\t\t<div class=\"elementor-element elementor-element-aff6d5a elementor-widget elementor-widget-google_maps\" data-id=\"aff6d5a\" data-element_type=\"widget\" data-widget_type=\"google_maps.default\">\n\t\t\t\t\t\t\t<div class=\"elementor-custom-embed\">\n\t\t\t<iframe loading=\"lazy\"\n\t\t\t\t\tsrc=\"https:\/\/maps.google.com\/maps?q=1013%20Budapest%2C%20L%C3%A1nch%C3%ADd%20utca%2015-17&#038;t=m&#038;z=16&#038;output=embed&#038;iwloc=near\"\n\t\t\t\t\ttitle=\"1013 Budapest, L\u00e1nch\u00edd utca 15-17\"\n\t\t\t\t\taria-label=\"1013 Budapest, L\u00e1nch\u00edd utca 15-17\"\n\t\t\t><\/iframe>\n\t\t<\/div>\n\t\t\t\t\t\t<\/div>\n\t\t\t\t<\/div>\n\t\t\t\t<div class=\"elementor-element elementor-element-efd33e9 elementor-widget elementor-widget-heading\" data-id=\"efd33e9\" data-element_type=\"widget\" data-widget_type=\"heading.default\">\n\t\t\t\t\t<h2 class=\"elementor-heading-title elementor-size-default\">Follow us!<\/h2>\t\t\t\t<\/div>\n\t\t\t\t<div class=\"elementor-element elementor-element-f3c048d elementor-shape-rounded elementor-grid-0 e-grid-align-center elementor-widget elementor-widget-social-icons\" data-id=\"f3c048d\" data-element_type=\"widget\" data-widget_type=\"social-icons.default\">\n\t\t\t\t\t\t\t<div class=\"elementor-social-icons-wrapper elementor-grid\" role=\"list\">\n\t\t\t\t\t\t\t<span class=\"elementor-grid-item\" role=\"listitem\">\n\t\t\t\t\t<a class=\"elementor-icon elementor-social-icon elementor-social-icon-facebook elementor-repeater-item-02c9627\" target=\"_blank\">\n\t\t\t\t\t\t<span class=\"elementor-screen-only\">Super Fast Runner Normal ticket (Limited 50pcs!)<\/span>\n\t\t\t\t\t\t<svg class=\"e-font-icon-svg e-fab-facebook\" viewbox=\"0 0 512 512\" xmlns=\"http:\/\/www.w3.org\/2000\/svg\"><path d=\"M504 256C504 119 393 8 256 8S8 119 8 256c0 123.78 90.69 226.38 209.25 245V327.69h-63V256h63v-54.64c0-62.15 37-96.48 93.67-96.48 27.14 0 55.52 4.84 55.52 4.84v61h-31.28c-30.8 0-40.41 19.12-40.41 38.73V256h68.78l-11 71.69h-57.78V501C413.31 482.38 504 379.78 504 256z\"><\/path><\/svg>\t\t\t\t\t<\/a>\n\t\t\t\t<\/span>\n\t\t\t\t\t\t\t<span class=\"elementor-grid-item\" role=\"listitem\">\n\t\t\t\t\t<a class=\"elementor-icon elementor-social-icon elementor-social-icon-instagram elementor-repeater-item-dc008e5\" href=\"https:\/\/www.instagram.com\/sportforumhungary\/\" target=\"_blank\">\n\t\t\t\t\t\t<span class=\"elementor-screen-only\">Instagram<\/span>\n\t\t\t\t\t\t<svg class=\"e-font-icon-svg e-fab-instagram\" viewbox=\"0 0 448 512\" xmlns=\"http:\/\/www.w3.org\/2000\/svg\"><path d=\"M224.1 141c-63.6 0-114.9 51.3-114.9 114.9s51.3 114.9 114.9 114.9S339 319.5 339 255.9 287.7 141 224.1 141zm0 189.6c-41.1 0-74.7-33.5-74.7-74.7s33.5-74.7 74.7-74.7 74.7 33.5 74.7 74.7-33.6 74.7-74.7 74.7zm146.4-194.3c0 14.9-12 26.8-26.8 26.8-14.9 0-26.8-12-26.8-26.8s12-26.8 26.8-26.8 26.8 12 26.8 26.8zm76.1 27.2c-1.7-35.9-9.9-67.7-36.2-93.9-26.2-26.2-58-34.4-93.9-36.2-37-2.1-147.9-2.1-184.9 0-35.8 1.7-67.6 9.9-93.9 36.1s-34.4 58-36.2 93.9c-2.1 37-2.1 147.9 0 184.9 1.7 35.9 9.9 67.7 36.2 93.9s58 34.4 93.9 36.2c37 2.1 147.9 2.1 184.9 0 35.9-1.7 67.7-9.9 93.9-36.2 26.2-26.2 34.4-58 36.2-93.9 2.1-37 2.1-147.8 0-184.8zM398.8 388c-7.8 19.6-22.9 34.7-42.6 42.6-29.5 11.7-99.5 9-132.1 9s-102.7 2.6-132.1-9c-19.6-7.8-34.7-22.9-42.6-42.6-11.7-29.5-9-99.5-9-132.1s-2.6-102.7 9-132.1c7.8-19.6 22.9-34.7 42.6-42.6 29.5-11.7 99.5-9 132.1-9s102.7-2.6 132.1 9c19.6 7.8 34.7 22.9 42.6 42.6 11.7 29.5 9 99.5 9 132.1s2.7 102.7-9 132.1z\"><\/path><\/svg>\t\t\t\t\t<\/a>\n\t\t\t\t<\/span>\n\t\t\t\t\t\t\t<span class=\"elementor-grid-item\" role=\"listitem\">\n\t\t\t\t\t<a class=\"elementor-icon elementor-social-icon elementor-social-icon-linkedin elementor-repeater-item-993d5af\" href=\"https:\/\/www.linkedin.com\/company\/sport-forum-hungary\" target=\"_blank\">\n\t\t\t\t\t\t<span class=\"elementor-screen-only\">Linkedin<\/span>\n\t\t\t\t\t\t<svg class=\"e-font-icon-svg e-fab-linkedin\" viewbox=\"0 0 448 512\" xmlns=\"http:\/\/www.w3.org\/2000\/svg\"><path d=\"M416 32H31.9C14.3 32 0 46.5 0 64.3v383.4C0 465.5 14.3 480 31.9 480H416c17.6 0 32-14.5 32-32.3V64.3c0-17.8-14.4-32.3-32-32.3zM135.4 416H69V202.2h66.5V416zm-33.2-243c-21.3 0-38.5-17.3-38.5-38.5S80.9 96 102.2 96c21.2 0 38.5 17.3 38.5 38.5 0 21.3-17.2 38.5-38.5 38.5zm282.1 243h-66.4V312c0-24.8-.5-56.7-34.5-56.7-34.6 0-39.9 27-39.9 54.9V416h-66.4V202.2h63.7v29.2h.9c8.9-16.8 30.6-34.5 62.9-34.5 67.2 0 79.7 44.3 79.7 101.9V416z\"><\/path><\/svg>\t\t\t\t\t<\/a>\n\t\t\t\t<\/span>\n\t\t\t\t\t<\/div>\n\t\t\t\t\t\t<\/div>\n\t\t\t\t\t<\/div>\n\t\t\t\t<\/div>\n\t\t\t\t<\/div>","protected":false},"excerpt":{"rendered":"<p>Sport Forum Hungary sportkonferencia\u00a0El\u00e9rhet\u0151s\u00e9g: events@thepathsm.com www.sportforumhungary.hu Home HPB Sportmanagement Kft. 1013 Budapest, L\u00e1nch\u00edd utca 15-17. K\u00f6vess minket! Facebook Instagram Linkedin<\/p>","protected":false},"author":2,"featured_media":0,"parent":0,"menu_order":0,"comment_status":"closed","ping_status":"closed","template":"","meta":{"_acf_changed":false,"footnotes":""},"class_list":["post-1023","page","type-page","status-publish","hentry"],"acf":[],"yoast_head":"<!-- This site is optimized with the Yoast SEO plugin v25.6 - https:\/\/yoast.com\/wordpress\/plugins\/seo\/ -->\n<title>Kapcsolat - Sport Forum Hungary 2025<\/title>\n<meta name=\"robots\" content=\"index, follow, max-snippet:-1, max-image-preview:large, max-video-preview:-1\" \/>\n<link rel=\"canonical\" href=\"https:\/\/sportforumhungary.hu\/en\/kapcsolat\/\" \/>\n<meta property=\"og:locale\" content=\"en_GB\" \/>\n<meta property=\"og:type\" content=\"article\" \/>\n<meta property=\"og:title\" content=\"Kapcsolat - Sport Forum Hungary 2025\" \/>\n<meta property=\"og:description\" content=\"Sport Forum Hungary sportkonferencia\u00a0El\u00e9rhet\u0151s\u00e9g: events@thepathsm.com www.sportforumhungary.hu Home HPB Sportmanagement Kft. 1013 Budapest, L\u00e1nch\u00edd utca 15-17. K\u00f6vess minket! Facebook Instagram Linkedin\" \/>\n<meta property=\"og:url\" content=\"https:\/\/sportforumhungary.hu\/en\/kapcsolat\/\" \/>\n<meta property=\"og:site_name\" content=\"Sport Forum Hungary 2025\" \/>\n<meta property=\"article:modified_time\" content=\"2025-10-16T08:24:37+00:00\" \/>\n<meta name=\"twitter:card\" content=\"summary_large_image\" \/>\n<meta name=\"twitter:label1\" content=\"Estimated reading time\" \/>\n\t<meta name=\"twitter:data1\" content=\"1 minute\" \/>\n<script type=\"application\/ld+json\" class=\"yoast-schema-graph\">{\"@context\":\"https:\/\/schema.org\",\"@graph\":[{\"@type\":\"WebPage\",\"@id\":\"https:\/\/sportforumhungary.hu\/kapcsolat\/\",\"url\":\"https:\/\/sportforumhungary.hu\/kapcsolat\/\",\"name\":\"Kapcsolat - Sport Forum Hungary 2025\",\"isPartOf\":{\"@id\":\"https:\/\/sportforumhungary.hu\/#website\"},\"datePublished\":\"2025-08-10T10:00:34+00:00\",\"dateModified\":\"2025-10-16T08:24:37+00:00\",\"breadcrumb\":{\"@id\":\"https:\/\/sportforumhungary.hu\/kapcsolat\/#breadcrumb\"},\"inLanguage\":\"en-GB\",\"potentialAction\":[{\"@type\":\"ReadAction\",\"target\":[\"https:\/\/sportforumhungary.hu\/kapcsolat\/\"]}]},{\"@type\":\"BreadcrumbList\",\"@id\":\"https:\/\/sportforumhungary.hu\/kapcsolat\/#breadcrumb\",\"itemListElement\":[{\"@type\":\"ListItem\",\"position\":1,\"name\":\"Kezd\u0151lap\",\"item\":\"https:\/\/sportforumhungary.hu\/\"},{\"@type\":\"ListItem\",\"position\":2,\"name\":\"Kapcsolat\"}]},{\"@type\":\"WebSite\",\"@id\":\"https:\/\/sportforumhungary.hu\/#website\",\"url\":\"https:\/\/sportforumhungary.hu\/\",\"name\":\"Sport Forum Hungary 2025\",\"description\":\"\",\"publisher\":{\"@id\":\"https:\/\/sportforumhungary.hu\/#organization\"},\"potentialAction\":[{\"@type\":\"SearchAction\",\"target\":{\"@type\":\"EntryPoint\",\"urlTemplate\":\"https:\/\/sportforumhungary.hu\/?s={search_term_string}\"},\"query-input\":{\"@type\":\"PropertyValueSpecification\",\"valueRequired\":true,\"valueName\":\"search_term_string\"}}],\"inLanguage\":\"en-GB\"},{\"@type\":\"Organization\",\"@id\":\"https:\/\/sportforumhungary.hu\/#organization\",\"name\":\"Sport Forum Hungary 2025\",\"url\":\"https:\/\/sportforumhungary.hu\/\",\"logo\":{\"@type\":\"ImageObject\",\"inLanguage\":\"en-GB\",\"@id\":\"https:\/\/sportforumhungary.hu\/#\/schema\/logo\/image\/\",\"url\":\"https:\/\/sportforumhungary.hu\/wp-content\/uploads\/2025\/10\/cropped-2510Sportmerch-logo.psd-4.png\",\"contentUrl\":\"https:\/\/sportforumhungary.hu\/wp-content\/uploads\/2025\/10\/cropped-2510Sportmerch-logo.psd-4.png\",\"width\":822,\"height\":159,\"caption\":\"Sport Forum Hungary 2025\"},\"image\":{\"@id\":\"https:\/\/sportforumhungary.hu\/#\/schema\/logo\/image\/\"}}]}<\/script>\n<!-- \/ Yoast SEO plugin. -->","yoast_head_json":{"title":"Kapcsolat - Sport Forum Hungary 2025","robots":{"index":"index","follow":"follow","max-snippet":"max-snippet:-1","max-image-preview":"max-image-preview:large","max-video-preview":"max-video-preview:-1"},"canonical":"https:\/\/sportforumhungary.hu\/en\/kapcsolat\/","og_locale":"en_GB","og_type":"article","og_title":"Kapcsolat - Sport Forum Hungary 2025","og_description":"Sport Forum Hungary sportkonferencia\u00a0El\u00e9rhet\u0151s\u00e9g: events@thepathsm.com www.sportforumhungary.hu Home HPB Sportmanagement Kft. 1013 Budapest, L\u00e1nch\u00edd utca 15-17. K\u00f6vess minket! Facebook Instagram Linkedin","og_url":"https:\/\/sportforumhungary.hu\/en\/kapcsolat\/","og_site_name":"Sport Forum Hungary 2025","article_modified_time":"2025-10-16T08:24:37+00:00","twitter_card":"summary_large_image","twitter_misc":{"Estimated reading time":"1 minute"},"schema":{"@context":"https:\/\/schema.org","@graph":[{"@type":"WebPage","@id":"https:\/\/sportforumhungary.hu\/kapcsolat\/","url":"https:\/\/sportforumhungary.hu\/kapcsolat\/","name":"Kapcsolat - Sport Forum Hungary 2025","isPartOf":{"@id":"https:\/\/sportforumhungary.hu\/#website"},"datePublished":"2025-08-10T10:00:34+00:00","dateModified":"2025-10-16T08:24:37+00:00","breadcrumb":{"@id":"https:\/\/sportforumhungary.hu\/kapcsolat\/#breadcrumb"},"inLanguage":"en-GB","potentialAction":[{"@type":"ReadAction","target":["https:\/\/sportforumhungary.hu\/kapcsolat\/"]}]},{"@type":"BreadcrumbList","@id":"https:\/\/sportforumhungary.hu\/kapcsolat\/#breadcrumb","itemListElement":[{"@type":"ListItem","position":1,"name":"Kezd\u0151lap","item":"https:\/\/sportforumhungary.hu\/"},{"@type":"ListItem","position":2,"name":"Kapcsolat"}]},{"@type":"WebSite","@id":"https:\/\/sportforumhungary.hu\/#website","url":"https:\/\/sportforumhungary.hu\/","name":"Sport Forum Hungary 2025","description":"","publisher":{"@id":"https:\/\/sportforumhungary.hu\/#organization"},"potentialAction":[{"@type":"SearchAction","target":{"@type":"EntryPoint","urlTemplate":"https:\/\/sportforumhungary.hu\/?s={search_term_string}"},"query-input":{"@type":"PropertyValueSpecification","valueRequired":true,"valueName":"search_term_string"}}],"inLanguage":"en-GB"},{"@type":"Organization","@id":"https:\/\/sportforumhungary.hu\/#organization","name":"Sport Forum Hungary 2025","url":"https:\/\/sportforumhungary.hu\/","logo":{"@type":"ImageObject","inLanguage":"en-GB","@id":"https:\/\/sportforumhungary.hu\/#\/schema\/logo\/image\/","url":"https:\/\/sportforumhungary.hu\/wp-content\/uploads\/2025\/10\/cropped-2510Sportmerch-logo.psd-4.png","contentUrl":"https:\/\/sportforumhungary.hu\/wp-content\/uploads\/2025\/10\/cropped-2510Sportmerch-logo.psd-4.png","width":822,"height":159,"caption":"Sport Forum Hungary 2025"},"image":{"@id":"https:\/\/sportforumhungary.hu\/#\/schema\/logo\/image\/"}}]}},"_links":{"self":[{"href":"https:\/\/sportforumhungary.hu\/en\/wp-json\/wp\/v2\/pages\/1023","targetHints":{"allow":["GET"]}}],"collection":[{"href":"https:\/\/sportforumhungary.hu\/en\/wp-json\/wp\/v2\/pages"}],"about":[{"href":"https:\/\/sportforumhungary.hu\/en\/wp-json\/wp\/v2\/types\/page"}],"author":[{"embeddable":true,"href":"https:\/\/sportforumhungary.hu\/en\/wp-json\/wp\/v2\/users\/2"}],"replies":[{"embeddable":true,"href":"https:\/\/sportforumhungary.hu\/en\/wp-json\/wp\/v2\/comments?post=1023"}],"version-history":[{"count":14,"href":"https:\/\/sportforumhungary.hu\/en\/wp-json\/wp\/v2\/pages\/1023\/revisions"}],"predecessor-version":[{"id":2731,"href":"https:\/\/sportforumhungary.hu\/en\/wp-json\/wp\/v2\/pages\/1023\/revisions\/2731"}],"wp:attachment":[{"href":"https:\/\/sportforumhungary.hu\/en\/wp-json\/wp\/v2\/media?parent=1023"}],"curies":[{"name":"wp","href":"https:\/\/api.w.org\/{rel}","templated":true}]}}